{"id":8,"date":"2020-02-24T19:43:02","date_gmt":"2020-02-24T18:43:02","guid":{"rendered":"http:\/\/speleosaris.sk\/?page_id=8"},"modified":"2020-02-24T20:45:21","modified_gmt":"2020-02-24T19:45:21","slug":"kontakt","status":"publish","type":"page","link":"https:\/\/speleosaris.sk\/index.php\/kontakt\/","title":{"rendered":"Kontakt"},"content":{"rendered":"\n<p>Str\u00e1nka pre \u010dlenov a sympatizantov Speleoklubu \u0160ari\u0161 a jaskyniarstva.<br>N\u00e1jdete n\u00e1s ka\u017ed\u00fd \u0161tvrtok od 19.00 hod. v piv\u00e1rni MAMUT na &#8222;Malej&#8220; \u017eel. stanici<\/p>\n\n\n\n<p>Speleoklub \u0160ari\u0161 o.z. m\u00e1 15 \u010dlenov.<br>Vedenie klubu je v zlo\u017een\u00ed:<\/p>\n\n\n\n<p>Ing. Peter Hurn\u00fd &#8211; predseda<\/p>\n\n\n\n<p>Bc. Martin Hajduk &#8211; podpredseda<br>J\u00e1n Vykoupil &#8211; \u010destn\u00fd predseda, \u010dlen v\u00fdboru<br>Ing. J\u00e1n Duc\u00e1r &#8211; tajomn\u00edk<br>Franti\u0161ka Majern\u00ed\u010dkov\u00e1 &#8211; pokladn\u00edk, hospod\u00e1r<\/p>\n\n\n\n<p>J\u00e1n Jalak\u0161a &#8211; rev\u00edzor<\/p>\n\n\n\n<p>\u010c\u00edslo \u00fa\u010dtu:<br>SK2983300000002500182137<br>BIC FIOZSKBAXXX <\/p>\n\n\n\n<p><a href=\"mailto:speleosaris@gmail.com\">speleosaris@gmail.com<\/a><\/p>\n\n\n\n<p><\/p>\n","protected":false},"excerpt":{"rendered":"<p>Str\u00e1nka pre \u010dlenov a sympatizantov Speleoklubu \u0160ari\u0161 a jaskyniarstva.N\u00e1jdete n\u00e1s ka\u017ed\u00fd \u0161tvrtok od 19.00 hod. v piv\u00e1rni MAMUT na &#8222;Malej&#8220; \u017eel. stanici Speleoklub \u0160ari\u0161 o.z. m\u00e1 15 \u010dlenov.Vedenie klubu je v zlo\u017een\u00ed: Ing. Peter Hurn\u00fd &#8211; predseda Bc. Martin Hajduk &#8211; podpredsedaJ\u00e1n Vykoupil &#8211; \u010destn\u00fd predseda, \u010dlen v\u00fdboruIng. J\u00e1n Duc\u00e1r &#8211; tajomn\u00edkFranti\u0161ka Majern\u00ed\u010dkov\u00e1 &#8211; pokladn\u00edk,&hellip;&nbsp;<a href=\"https:\/\/speleosaris.sk\/index.php\/kontakt\/\" rel=\"bookmark\"><span class=\"screen-reader-text\">Kontakt<\/span><\/a><\/p>\n","protected":false},"author":1,"featured_media":0,"parent":0,"menu_order":0,"comment_status":"closed","ping_status":"closed","template":"","meta":{"neve_meta_sidebar":"","neve_meta_container":"","neve_meta_enable_content_width":"off","neve_meta_content_width":0,"neve_meta_title_alignment":"","neve_meta_author_avatar":"","neve_post_elements_order":"","neve_meta_disable_header":"","neve_meta_disable_footer":"","neve_meta_disable_title":"","footnotes":""},"class_list":["post-8","page","type-page","status-publish","hentry"],"_links":{"self":[{"href":"https:\/\/speleosaris.sk\/index.php\/wp-json\/wp\/v2\/pages\/8","targetHints":{"allow":["GET"]}}],"collection":[{"href":"https:\/\/speleosaris.sk\/index.php\/wp-json\/wp\/v2\/pages"}],"about":[{"href":"https:\/\/speleosaris.sk\/index.php\/wp-json\/wp\/v2\/types\/page"}],"author":[{"embeddable":true,"href":"https:\/\/speleosaris.sk\/index.php\/wp-json\/wp\/v2\/users\/1"}],"replies":[{"embeddable":true,"href":"https:\/\/speleosaris.sk\/index.php\/wp-json\/wp\/v2\/comments?post=8"}],"version-history":[{"count":3,"href":"https:\/\/speleosaris.sk\/index.php\/wp-json\/wp\/v2\/pages\/8\/revisions"}],"predecessor-version":[{"id":51,"href":"https:\/\/speleosaris.sk\/index.php\/wp-json\/wp\/v2\/pages\/8\/revisions\/51"}],"wp:attachment":[{"href":"https:\/\/speleosaris.sk\/index.php\/wp-json\/wp\/v2\/media?parent=8"}],"curies":[{"name":"wp","href":"https:\/\/api.w.org\/{rel}","templated":true}]}}