{"id":41,"date":"2020-02-24T20:26:09","date_gmt":"2020-02-24T19:26:09","guid":{"rendered":"http:\/\/speleosaris.sk\/?page_id=41"},"modified":"2020-02-24T20:34:35","modified_gmt":"2020-02-24T19:34:35","slug":"uvod","status":"publish","type":"page","link":"https:\/\/speleosaris.sk\/","title":{"rendered":"\u00davod"},"content":{"rendered":"\n<p>Vitajte na novej web str\u00e1nke speleoklubu \u0160ari\u0161.<\/p>\n\n\n\n<p>Okrem tejto, existuje st\u00e1le star\u00e1 str\u00e1nka <a rel=\"noreferrer noopener\" href=\"http:\/\/www.speleosaris.estranky.cz\/\" target=\"_blank\">http:\/\/www.speleosaris.estranky.cz\/<\/a>  kde s\u00fa fotografie a \u010dl\u00e1nky zo star\u00fdch akci\u00ed.<br>T\u00e1to nov\u00e1 vznikla predov\u0161etk\u00fdm kv\u00f4li nov\u00fdm funkci\u00e1m na zobrazenie m\u00e1p jask\u00fd\u0148 a zobrazenie jaskynn\u00fdch priestorov v 3D.<br>Obsah budeme prid\u00e1va\u0165 priebe\u017ene s prelinkovan\u00edm na na\u0161u str\u00e1nku na Facebooku &#8211; <a rel=\"noreferrer noopener\" href=\"https:\/\/www.facebook.com\/speleosaris\/\" target=\"_blank\">https:\/\/www.facebook.com\/speleosaris\/<\/a> tak, aby k obsahu malo pr\u00edstup \u010do najviac na\u0161ich sympatizantov.<br>Za speleoklub &#8211; Hudec <\/p>\n","protected":false},"excerpt":{"rendered":"<p>Vitajte na novej web str\u00e1nke speleoklubu \u0160ari\u0161. Okrem tejto, existuje st\u00e1le star\u00e1 str\u00e1nka http:\/\/www.speleosaris.estranky.cz\/ kde s\u00fa fotografie a \u010dl\u00e1nky zo star\u00fdch akci\u00ed.T\u00e1to nov\u00e1 vznikla predov\u0161etk\u00fdm kv\u00f4li nov\u00fdm funkci\u00e1m na zobrazenie m\u00e1p jask\u00fd\u0148 a zobrazenie jaskynn\u00fdch priestorov v 3D.Obsah budeme prid\u00e1va\u0165 priebe\u017ene s prelinkovan\u00edm na na\u0161u str\u00e1nku na Facebooku &#8211; https:\/\/www.facebook.com\/speleosaris\/ tak, aby k obsahu malo&hellip;&nbsp;<a href=\"https:\/\/speleosaris.sk\/\" rel=\"bookmark\"><span class=\"screen-reader-text\">\u00davod<\/span><\/a><\/p>\n","protected":false},"author":1,"featured_media":0,"parent":0,"menu_order":0,"comment_status":"closed","ping_status":"closed","template":"","meta":{"neve_meta_sidebar":"","neve_meta_container":"","neve_meta_enable_content_width":"off","neve_meta_content_width":0,"neve_meta_title_alignment":"","neve_meta_author_avatar":"","neve_post_elements_order":"","neve_meta_disable_header":"","neve_meta_disable_footer":"","neve_meta_disable_title":"","footnotes":""},"class_list":["post-41","page","type-page","status-publish","hentry"],"_links":{"self":[{"href":"https:\/\/speleosaris.sk\/index.php\/wp-json\/wp\/v2\/pages\/41","targetHints":{"allow":["GET"]}}],"collection":[{"href":"https:\/\/speleosaris.sk\/index.php\/wp-json\/wp\/v2\/pages"}],"about":[{"href":"https:\/\/speleosaris.sk\/index.php\/wp-json\/wp\/v2\/types\/page"}],"author":[{"embeddable":true,"href":"https:\/\/speleosaris.sk\/index.php\/wp-json\/wp\/v2\/users\/1"}],"replies":[{"embeddable":true,"href":"https:\/\/speleosaris.sk\/index.php\/wp-json\/wp\/v2\/comments?post=41"}],"version-history":[{"count":3,"href":"https:\/\/speleosaris.sk\/index.php\/wp-json\/wp\/v2\/pages\/41\/revisions"}],"predecessor-version":[{"id":46,"href":"https:\/\/speleosaris.sk\/index.php\/wp-json\/wp\/v2\/pages\/41\/revisions\/46"}],"wp:attachment":[{"href":"https:\/\/speleosaris.sk\/index.php\/wp-json\/wp\/v2\/media?parent=41"}],"curies":[{"name":"wp","href":"https:\/\/api.w.org\/{rel}","templated":true}]}}